{"id":44,"date":"2011-10-30T22:35:45","date_gmt":"2011-10-30T22:35:45","guid":{"rendered":"http:\/\/atelierhiromi.fr\/coiffure\/?page_id=44"},"modified":"2022-10-03T23:41:23","modified_gmt":"2022-10-03T21:41:23","slug":"services","status":"publish","type":"page","link":"https:\/\/atelierhiromi.fr\/coiffure\/services\/","title":{"rendered":"Tarifs \u6599\u91d1"},"content":{"rendered":"[vc_row type=&#8221;full_width_background&#8221; full_screen_row_position=&#8221;middle&#8221; column_margin=&#8221;default&#8221; column_direction=&#8221;default&#8221; column_direction_tablet=&#8221;default&#8221; column_direction_phone=&#8221;default&#8221; bg_color=&#8221;#f5f5f5&#8243; scene_position=&#8221;center&#8221; top_padding=&#8221;4%&#8221; constrain_group_1=&#8221;yes&#8221; bottom_padding=&#8221;4%&#8221; text_color=&#8221;dark&#8221; text_align=&#8221;center&#8221; row_border_radius=&#8221;none&#8221; row_border_radius_applies=&#8221;bg&#8221; overflow=&#8221;visible&#8221; advanced_gradient_angle=&#8221;0&#8243; overlay_strength=&#8221;0.3&#8243; gradient_direction=&#8221;left_to_right&#8221; shape_divider_position=&#8221;bottom&#8221; bg_image_animation=&#8221;none&#8221; gradient_type=&#8221;default&#8221; shape_type=&#8221;&#8221;][vc_column column_padding=&#8221;no-extra-padding&#8221; column_padding_tablet=&#8221;inherit&#8221; column_padding_phone=&#8221;inherit&#8221; column_padding_position=&#8221;all&#8221; column_element_spacing=&#8221;default&#8221; background_color_opacity=&#8221;1&#8243; background_hover_color_opacity=&#8221;1&#8243; column_shadow=&#8221;none&#8221; column_border_radius=&#8221;none&#8221; column_link_target=&#8221;_self&#8221; column_position=&#8221;default&#8221; gradient_direction=&#8221;left_to_right&#8221; overlay_strength=&#8221;0.3&#8243; width=&#8221;1\/1&#8243; tablet_width_inherit=&#8221;default&#8221; tablet_text_alignment=&#8221;default&#8221; phone_text_alignment=&#8221;default&#8221; animation_type=&#8221;default&#8221; bg_image_animation=&#8221;none&#8221; border_type=&#8221;simple&#8221; column_border_width=&#8221;none&#8221; column_border_style=&#8221;solid&#8221;][vc_custom_heading source=&#8221;post_title&#8221; font_container=&#8221;tag:h1|text_align:center&#8221; use_theme_fonts=&#8221;yes&#8221;][\/vc_column][\/vc_row][vc_row type=&#8221;full_width_background&#8221; full_screen_row_position=&#8221;middle&#8221; column_margin=&#8221;default&#8221; column_direction=&#8221;default&#8221; column_direction_tablet=&#8221;default&#8221; column_direction_phone=&#8221;default&#8221; scene_position=&#8221;center&#8221; top_padding=&#8221;4%&#8221; constrain_group_1=&#8221;yes&#8221; bottom_padding=&#8221;4%&#8221; left_padding_desktop=&#8221;4%&#8221; constrain_group_2=&#8221;yes&#8221; right_padding_desktop=&#8221;4%&#8221; left_padding_tablet=&#8221;0&#8243; constrain_group_4=&#8221;yes&#8221; right_padding_tablet=&#8221;0&#8243; text_color=&#8221;dark&#8221; text_align=&#8221;left&#8221; row_border_radius=&#8221;none&#8221; row_border_radius_applies=&#8221;bg&#8221; overflow=&#8221;visible&#8221; advanced_gradient_angle=&#8221;0&#8243; overlay_strength=&#8221;0.3&#8243; gradient_direction=&#8221;left_to_right&#8221; shape_divider_position=&#8221;bottom&#8221; bg_image_animation=&#8221;none&#8221; gradient_type=&#8221;default&#8221; shape_type=&#8221;&#8221;][vc_column column_padding=&#8221;no-extra-padding&#8221; column_padding_tablet=&#8221;inherit&#8221; column_padding_phone=&#8221;inherit&#8221; column_padding_position=&#8221;all&#8221; column_element_spacing=&#8221;default&#8221; background_color_opacity=&#8221;1&#8243; background_hover_color_opacity=&#8221;1&#8243; column_shadow=&#8221;none&#8221; column_border_radius=&#8221;none&#8221; column_link_target=&#8221;_self&#8221; column_position=&#8221;default&#8221; gradient_direction=&#8221;left_to_right&#8221; overlay_strength=&#8221;0.3&#8243; width=&#8221;1\/3&#8243; tablet_width_inherit=&#8221;default&#8221; tablet_text_alignment=&#8221;default&#8221; phone_text_alignment=&#8221;default&#8221; animation_type=&#8221;default&#8221; bg_image_animation=&#8221;none&#8221; border_type=&#8221;simple&#8221; column_border_width=&#8221;none&#8221; column_border_style=&#8221;solid&#8221;][vc_column_text]\n<h2><strong>DAMES<br \/>\n\u5973\u6027<br \/>\n<\/strong><\/h2>\n<p><strong>Shampoing &#8211; Brushing: *de 45\u20ac<\/strong><\/p>\n<p><strong>Coupe: *de 85\u20ac<\/strong><br \/>\n(Shampooing &#8211; Brushing)<\/p>\n<p><strong>Coloration: *de 95\u20ac<\/strong><br \/>\n(Shampooing)<\/p>\n<p><strong>Coupe Coloration: *de 150\u20ac<\/strong><br \/>\n(Shampooing &#8211; Coupe)<\/p>\n<p><strong>Permanente: *de 85 \u00e0 115\u20ac<\/strong><br \/>\n(Shampooing)<\/p>\n<p><strong>Coupe &#8211; Permanente: *de 125 \u00e0 155\u20ac<\/strong><br \/>\n(Shampooing &#8211; Coupe &#8211; Brushing)<\/p>\n<p><strong>M\u00e8che *de 90\u20ac<\/strong><\/p>\n<p><strong>Soin Traitant Sp\u00e9cial *de 40\u20ac<\/strong>[\/vc_column_text][\/vc_column][vc_column column_padding=&#8221;no-extra-padding&#8221; column_padding_tablet=&#8221;inherit&#8221; column_padding_phone=&#8221;inherit&#8221; column_padding_position=&#8221;all&#8221; column_element_spacing=&#8221;default&#8221; background_color_opacity=&#8221;1&#8243; background_hover_color_opacity=&#8221;1&#8243; column_shadow=&#8221;none&#8221; column_border_radius=&#8221;none&#8221; column_link_target=&#8221;_self&#8221; column_position=&#8221;default&#8221; gradient_direction=&#8221;left_to_right&#8221; overlay_strength=&#8221;0.3&#8243; width=&#8221;1\/3&#8243; tablet_width_inherit=&#8221;default&#8221; tablet_text_alignment=&#8221;default&#8221; phone_text_alignment=&#8221;default&#8221; animation_type=&#8221;default&#8221; bg_image_animation=&#8221;none&#8221; border_type=&#8221;simple&#8221; column_border_width=&#8221;none&#8221; column_border_style=&#8221;solid&#8221;][vc_column_text]\n<h2><strong>HOMMES<br \/>\n\u7537\u6027<br \/>\n<\/strong><\/h2>\n<p><strong>Coupe (Shampooing &#8211; Coupe &#8211; Brushing):<\/strong><br \/>\nCourt 50\u20ac<br \/>\nMi long 65\u20ac[\/vc_column_text][\/vc_column][vc_column column_padding=&#8221;no-extra-padding&#8221; column_padding_tablet=&#8221;inherit&#8221; column_padding_phone=&#8221;inherit&#8221; column_padding_position=&#8221;all&#8221; column_element_spacing=&#8221;default&#8221; background_color_opacity=&#8221;1&#8243; background_hover_color_opacity=&#8221;1&#8243; column_shadow=&#8221;none&#8221; column_border_radius=&#8221;none&#8221; column_link_target=&#8221;_self&#8221; column_position=&#8221;default&#8221; gradient_direction=&#8221;left_to_right&#8221; overlay_strength=&#8221;0.3&#8243; width=&#8221;1\/3&#8243; tablet_width_inherit=&#8221;default&#8221; tablet_text_alignment=&#8221;default&#8221; phone_text_alignment=&#8221;default&#8221; animation_type=&#8221;default&#8221; bg_image_animation=&#8221;none&#8221; border_type=&#8221;simple&#8221; column_border_width=&#8221;none&#8221; column_border_style=&#8221;solid&#8221;][vc_column_text]\n<h2><strong>ENFANTS<\/strong><br \/>\n<strong>\u5b50\u4f9b<\/strong><\/h2>\n<p><strong>Coupe (Shampooing &#8211; Coupe &#8211; Brushing):<\/strong><br \/>\nCourt 35\u20ac<br \/>\nMi long 45\u20ac<br \/>\nLong 55\u20ac<br \/>\nSuperlong 60\u20ac<\/p>\n<p>________________________<\/p>\n<p>* selon nature de cheveux<br \/>\n* \u9aea\u306e\u72b6\u614b\u306b\u3088\u308a\u7570\u306a\u308a\u307e\u3059\u3002<\/p>\n<p>Les prix indiqu\u00e9s sont \u00e0 titre indicatif. Merci de nous contacter pour toute information et r\u00e9servation.[\/vc_column_text][nectar_cta btn_style=&#8221;see-through&#8221; heading_tag=&#8221;h4&#8243; button_color=&#8221;default&#8221; button_border_thickness=&#8221;0px&#8221; link_type=&#8221;regular&#8221; alignment=&#8221;left&#8221; alignment_tablet=&#8221;default&#8221; alignment_phone=&#8221;default&#8221; display=&#8221;block&#8221; display_tablet=&#8221;inherit&#8221; display_phone=&#8221;inherit&#8221; link_text=&#8221;TEL. 01 45 77 83 53&#8243; url=&#8221;tel:0145778353&#8243;][\/vc_column][\/vc_row]\n","protected":false},"excerpt":{"rendered":"<p>[vc_row type=&#8221;full_width_background&#8221; full_screen_row_position=&#8221;middle&#8221; column_margin=&#8221;default&#8221; column_direction=&#8221;default&#8221; column_direction_tablet=&#8221;default&#8221; column_direction_phone=&#8221;default&#8221; bg_color=&#8221;#f5f5f5&#8243; scene_position=&#8221;center&#8221; top_padding=&#8221;4%&#8221; constrain_group_1=&#8221;yes&#8221; bottom_padding=&#8221;4%&#8221; text_color=&#8221;dark&#8221; text_align=&#8221;center&#8221; row_border_radius=&#8221;none&#8221; row_border_radius_applies=&#8221;bg&#8221; overflow=&#8221;visible&#8221; advanced_gradient_angle=&#8221;0&#8243; overlay_strength=&#8221;0.3&#8243; gradient_direction=&#8221;left_to_right&#8221; shape_divider_position=&#8221;bottom&#8221; bg_image_animation=&#8221;none&#8221; gradient_type=&#8221;default&#8221; shape_type=&#8221;&#8221;][vc_column column_padding=&#8221;no-extra-padding&#8221; column_padding_tablet=&#8221;inherit&#8221; column_padding_phone=&#8221;inherit&#8221; column_padding_position=&#8221;all&#8221; column_element_spacing=&#8221;default&#8221; background_color_opacity=&#8221;1&#8243;&#8230;<\/p>\n","protected":false},"author":1,"featured_media":0,"parent":0,"menu_order":1,"comment_status":"closed","ping_status":"closed","template":"","meta":[],"_links":{"self":[{"href":"https:\/\/atelierhiromi.fr\/coiffure\/wp-json\/wp\/v2\/pages\/44"}],"collection":[{"href":"https:\/\/atelierhiromi.fr\/coiffure\/wp-json\/wp\/v2\/pages"}],"about":[{"href":"https:\/\/atelierhiromi.fr\/coiffure\/wp-json\/wp\/v2\/types\/page"}],"author":[{"embeddable":true,"href":"https:\/\/atelierhiromi.fr\/coiffure\/wp-json\/wp\/v2\/users\/1"}],"replies":[{"embeddable":true,"href":"https:\/\/atelierhiromi.fr\/coiffure\/wp-json\/wp\/v2\/comments?post=44"}],"version-history":[{"count":38,"href":"https:\/\/atelierhiromi.fr\/coiffure\/wp-json\/wp\/v2\/pages\/44\/revisions"}],"predecessor-version":[{"id":240,"href":"https:\/\/atelierhiromi.fr\/coiffure\/wp-json\/wp\/v2\/pages\/44\/revisions\/240"}],"wp:attachment":[{"href":"https:\/\/atelierhiromi.fr\/coiffure\/wp-json\/wp\/v2\/media?parent=44"}],"curies":[{"name":"wp","href":"https:\/\/api.w.org\/{rel}","templated":true}]}}